{"id":12,"date":"2019-01-11T13:01:28","date_gmt":"2019-01-11T13:01:28","guid":{"rendered":"http:\/\/expression-dance.com\/?page_id=12"},"modified":"2025-08-26T13:37:16","modified_gmt":"2025-08-26T13:37:16","slug":"dance-coaches","status":"publish","type":"page","link":"https:\/\/expression-dance.com\/?page_id=12","title":{"rendered":"DANCE COACHES"},"content":{"rendered":"\n<figure class=\"wp-block-image size-large\"><img loading=\"lazy\" decoding=\"async\" width=\"1024\" height=\"683\" src=\"https:\/\/expression-dance.com\/wp-content\/uploads\/2025\/08\/Vorabzug-Tanzchoaches-Teil-1-Heidi-60-1024x683.jpg\" alt=\"\" class=\"wp-image-2028\" srcset=\"https:\/\/expression-dance.com\/wp-content\/uploads\/2025\/08\/Vorabzug-Tanzchoaches-Teil-1-Heidi-60-1024x683.jpg 1024w, https:\/\/expression-dance.com\/wp-content\/uploads\/2025\/08\/Vorabzug-Tanzchoaches-Teil-1-Heidi-60-300x200.jpg 300w, https:\/\/expression-dance.com\/wp-content\/uploads\/2025\/08\/Vorabzug-Tanzchoaches-Teil-1-Heidi-60-768x512.jpg 768w, https:\/\/expression-dance.com\/wp-content\/uploads\/2025\/08\/Vorabzug-Tanzchoaches-Teil-1-Heidi-60-1536x1024.jpg 1536w, https:\/\/expression-dance.com\/wp-content\/uploads\/2025\/08\/Vorabzug-Tanzchoaches-Teil-1-Heidi-60-2048x1365.jpg 2048w\" sizes=\"auto, (max-width: 706px) 89vw, (max-width: 767px) 82vw, 740px\" \/><\/figure>\n\n\n\n<p class=\"has-medium-font-size\"><strong>Karin Lacher, Leitung Expression Dance Academy<\/strong><\/p>\n\n\n\n<ul class=\"wp-block-list\">\n<li>WELTMEISTER Showdance (Singen&amp;Tanzen) 2010, Porec, Kroatien<\/li>\n\n\n\n<li>diplomiere Tanzp\u00e4dagogin (Performdance Linz,  bei Ulrike Bauer, Bruno Genty, Maria Blahous)<\/li>\n\n\n\n<li>IWANSON Kindertanzp\u00e4dagogin (M\u00fcnchen, DE bei Gabi W\u00fcrf)<\/li>\n\n\n\n<li>IWANSON Jazztanzp\u00e4dagogin (M\u00fcnchen, DE bei Regine Blum)<\/li>\n\n\n\n<li>EDGE PERFORMING ART CENTER &#8211; Tanztraining (Los Angeles, CA)<\/li>\n\n\n\n<li>PowerVit-Yoga-Ausbildung (Euro Education, Barbara Raab), Inside FLOW Silver Instructor (Young Ho Kim), 200h Ausbildung bei Yogawege (Christine Stiessel), eigene Kreation: Yoga-DANCE-Flow<\/li>\n\n\n\n<li>dipl. AISA Aerobic Instructor (Gerti Haas-Ramsauer, Linz) mit 16 Jahren<\/li>\n\n\n\n<li>viele Tanz- und Fitnessweiterbildungen und Conventions in \u00d6sterreich, Deutschland und Amerika<\/li>\n\n\n\n<li>Hip Hop Trainer Ausbildung bei Euro Education (Irene Pallares)<\/li>\n\n\n\n<li><strong>Unterrichtet in Frankenburg<\/strong><\/li>\n\n\n\n<li><strong>Leitung Expression Dance Coach Ausbildung (online und live<\/strong> <strong>von Bronze (Beginners), Silber, Gold bis Diamant (Profi))<\/strong><\/li>\n<\/ul>\n\n\n\n<figure class=\"wp-block-gallery has-nested-images columns-default is-cropped wp-block-gallery-1 is-layout-flex wp-block-gallery-is-layout-flex\">\n<figure class=\"wp-block-image size-large\"><img loading=\"lazy\" decoding=\"async\" width=\"1024\" height=\"683\" data-id=\"1415\" src=\"https:\/\/expression-dance.com\/wp-content\/uploads\/2024\/02\/ME-2024-14-1024x683.jpg\" alt=\"\" class=\"wp-image-1415\" srcset=\"https:\/\/expression-dance.com\/wp-content\/uploads\/2024\/02\/ME-2024-14-1024x683.jpg 1024w, https:\/\/expression-dance.com\/wp-content\/uploads\/2024\/02\/ME-2024-14-300x200.jpg 300w, https:\/\/expression-dance.com\/wp-content\/uploads\/2024\/02\/ME-2024-14-768x512.jpg 768w, https:\/\/expression-dance.com\/wp-content\/uploads\/2024\/02\/ME-2024-14-1536x1024.jpg 1536w, https:\/\/expression-dance.com\/wp-content\/uploads\/2024\/02\/ME-2024-14-2048x1365.jpg 2048w\" sizes=\"auto, (max-width: 706px) 89vw, (max-width: 767px) 82vw, 740px\" \/><\/figure>\n\n\n\n<figure class=\"wp-block-image size-large\"><img loading=\"lazy\" decoding=\"async\" width=\"1024\" height=\"683\" data-id=\"1418\" src=\"https:\/\/expression-dance.com\/wp-content\/uploads\/2024\/02\/ME-2024-31-1024x683.jpg\" alt=\"\" class=\"wp-image-1418\" srcset=\"https:\/\/expression-dance.com\/wp-content\/uploads\/2024\/02\/ME-2024-31-1024x683.jpg 1024w, https:\/\/expression-dance.com\/wp-content\/uploads\/2024\/02\/ME-2024-31-300x200.jpg 300w, https:\/\/expression-dance.com\/wp-content\/uploads\/2024\/02\/ME-2024-31-768x512.jpg 768w, https:\/\/expression-dance.com\/wp-content\/uploads\/2024\/02\/ME-2024-31-1536x1024.jpg 1536w, https:\/\/expression-dance.com\/wp-content\/uploads\/2024\/02\/ME-2024-31-2048x1365.jpg 2048w\" sizes=\"auto, (max-width: 706px) 89vw, (max-width: 767px) 82vw, 740px\" \/><\/figure>\n<\/figure>\n\n\n\n<p class=\"has-medium-font-size\"><strong>DANCE COACHES TEAM:<\/strong><\/p>\n\n\n\n<figure class=\"wp-block-gallery has-nested-images columns-default is-cropped wp-block-gallery-2 is-layout-flex wp-block-gallery-is-layout-flex\">\n<figure class=\"wp-block-image size-large\"><img loading=\"lazy\" decoding=\"async\" width=\"1024\" height=\"1024\" data-id=\"1636\" src=\"https:\/\/expression-dance.com\/wp-content\/uploads\/2024\/09\/1-1024x1024.jpg\" alt=\"\" class=\"wp-image-1636\" srcset=\"https:\/\/expression-dance.com\/wp-content\/uploads\/2024\/09\/1-1024x1024.jpg 1024w, https:\/\/expression-dance.com\/wp-content\/uploads\/2024\/09\/1-300x300.jpg 300w, https:\/\/expression-dance.com\/wp-content\/uploads\/2024\/09\/1-150x150.jpg 150w, https:\/\/expression-dance.com\/wp-content\/uploads\/2024\/09\/1-768x768.jpg 768w, https:\/\/expression-dance.com\/wp-content\/uploads\/2024\/09\/1-1536x1536.jpg 1536w, https:\/\/expression-dance.com\/wp-content\/uploads\/2024\/09\/1-100x100.jpg 100w, https:\/\/expression-dance.com\/wp-content\/uploads\/2024\/09\/1.jpg 1755w\" sizes=\"auto, (max-width: 706px) 89vw, (max-width: 767px) 82vw, 740px\" \/><\/figure>\n\n\n\n<figure class=\"wp-block-image size-large\"><img loading=\"lazy\" decoding=\"async\" width=\"1024\" height=\"1024\" data-id=\"1633\" src=\"https:\/\/expression-dance.com\/wp-content\/uploads\/2024\/09\/3-1024x1024.jpg\" alt=\"\" class=\"wp-image-1633\" srcset=\"https:\/\/expression-dance.com\/wp-content\/uploads\/2024\/09\/3-1024x1024.jpg 1024w, https:\/\/expression-dance.com\/wp-content\/uploads\/2024\/09\/3-300x300.jpg 300w, https:\/\/expression-dance.com\/wp-content\/uploads\/2024\/09\/3-150x150.jpg 150w, https:\/\/expression-dance.com\/wp-content\/uploads\/2024\/09\/3-768x768.jpg 768w, https:\/\/expression-dance.com\/wp-content\/uploads\/2024\/09\/3-1536x1536.jpg 1536w, https:\/\/expression-dance.com\/wp-content\/uploads\/2024\/09\/3-100x100.jpg 100w, https:\/\/expression-dance.com\/wp-content\/uploads\/2024\/09\/3.jpg 1755w\" sizes=\"auto, (max-width: 706px) 89vw, (max-width: 767px) 82vw, 740px\" \/><\/figure>\n<\/figure>\n\n\n\n<figure class=\"wp-block-gallery has-nested-images columns-default is-cropped wp-block-gallery-3 is-layout-flex wp-block-gallery-is-layout-flex\">\n<figure class=\"wp-block-image size-large\"><img loading=\"lazy\" decoding=\"async\" width=\"1024\" height=\"1024\" data-id=\"1638\" src=\"https:\/\/expression-dance.com\/wp-content\/uploads\/2024\/09\/2-1024x1024.jpg\" alt=\"\" class=\"wp-image-1638\" srcset=\"https:\/\/expression-dance.com\/wp-content\/uploads\/2024\/09\/2-1024x1024.jpg 1024w, https:\/\/expression-dance.com\/wp-content\/uploads\/2024\/09\/2-300x300.jpg 300w, https:\/\/expression-dance.com\/wp-content\/uploads\/2024\/09\/2-150x150.jpg 150w, https:\/\/expression-dance.com\/wp-content\/uploads\/2024\/09\/2-768x768.jpg 768w, https:\/\/expression-dance.com\/wp-content\/uploads\/2024\/09\/2-1536x1536.jpg 1536w, https:\/\/expression-dance.com\/wp-content\/uploads\/2024\/09\/2-100x100.jpg 100w, https:\/\/expression-dance.com\/wp-content\/uploads\/2024\/09\/2.jpg 1755w\" sizes=\"auto, (max-width: 706px) 89vw, (max-width: 767px) 82vw, 740px\" \/><\/figure>\n\n\n\n<figure class=\"wp-block-image size-large\"><img loading=\"lazy\" decoding=\"async\" width=\"1024\" height=\"1024\" data-id=\"1641\" src=\"https:\/\/expression-dance.com\/wp-content\/uploads\/2024\/09\/5-1024x1024.jpg\" alt=\"\" class=\"wp-image-1641\" srcset=\"https:\/\/expression-dance.com\/wp-content\/uploads\/2024\/09\/5-1024x1024.jpg 1024w, https:\/\/expression-dance.com\/wp-content\/uploads\/2024\/09\/5-300x300.jpg 300w, https:\/\/expression-dance.com\/wp-content\/uploads\/2024\/09\/5-150x150.jpg 150w, https:\/\/expression-dance.com\/wp-content\/uploads\/2024\/09\/5-768x768.jpg 768w, https:\/\/expression-dance.com\/wp-content\/uploads\/2024\/09\/5-1536x1536.jpg 1536w, https:\/\/expression-dance.com\/wp-content\/uploads\/2024\/09\/5-100x100.jpg 100w, https:\/\/expression-dance.com\/wp-content\/uploads\/2024\/09\/5.jpg 1755w\" sizes=\"auto, (max-width: 706px) 89vw, (max-width: 767px) 82vw, 740px\" \/><\/figure>\n<\/figure>\n\n\n\n<figure class=\"wp-block-gallery has-nested-images columns-default is-cropped wp-block-gallery-4 is-layout-flex wp-block-gallery-is-layout-flex\">\n<figure class=\"wp-block-image size-large\"><img loading=\"lazy\" decoding=\"async\" width=\"1024\" height=\"1024\" data-id=\"1662\" src=\"https:\/\/expression-dance.com\/wp-content\/uploads\/2024\/09\/Dance-Coaches-Steckbrief-3-1024x1024.jpg\" alt=\"\" class=\"wp-image-1662\" srcset=\"https:\/\/expression-dance.com\/wp-content\/uploads\/2024\/09\/Dance-Coaches-Steckbrief-3-1024x1024.jpg 1024w, https:\/\/expression-dance.com\/wp-content\/uploads\/2024\/09\/Dance-Coaches-Steckbrief-3-300x300.jpg 300w, https:\/\/expression-dance.com\/wp-content\/uploads\/2024\/09\/Dance-Coaches-Steckbrief-3-150x150.jpg 150w, https:\/\/expression-dance.com\/wp-content\/uploads\/2024\/09\/Dance-Coaches-Steckbrief-3-768x768.jpg 768w, https:\/\/expression-dance.com\/wp-content\/uploads\/2024\/09\/Dance-Coaches-Steckbrief-3-1536x1536.jpg 1536w, https:\/\/expression-dance.com\/wp-content\/uploads\/2024\/09\/Dance-Coaches-Steckbrief-3-100x100.jpg 100w, https:\/\/expression-dance.com\/wp-content\/uploads\/2024\/09\/Dance-Coaches-Steckbrief-3.jpg 1755w\" sizes=\"auto, (max-width: 706px) 89vw, (max-width: 767px) 82vw, 740px\" \/><\/figure>\n\n\n\n<figure class=\"wp-block-image size-large\"><img loading=\"lazy\" decoding=\"async\" width=\"1024\" height=\"1024\" data-id=\"1640\" src=\"https:\/\/expression-dance.com\/wp-content\/uploads\/2024\/09\/10-1024x1024.jpg\" alt=\"\" class=\"wp-image-1640\" srcset=\"https:\/\/expression-dance.com\/wp-content\/uploads\/2024\/09\/10-1024x1024.jpg 1024w, https:\/\/expression-dance.com\/wp-content\/uploads\/2024\/09\/10-300x300.jpg 300w, https:\/\/expression-dance.com\/wp-content\/uploads\/2024\/09\/10-150x150.jpg 150w, https:\/\/expression-dance.com\/wp-content\/uploads\/2024\/09\/10-768x768.jpg 768w, https:\/\/expression-dance.com\/wp-content\/uploads\/2024\/09\/10-1536x1536.jpg 1536w, https:\/\/expression-dance.com\/wp-content\/uploads\/2024\/09\/10-100x100.jpg 100w, https:\/\/expression-dance.com\/wp-content\/uploads\/2024\/09\/10.jpg 1755w\" sizes=\"auto, (max-width: 706px) 89vw, (max-width: 767px) 82vw, 740px\" \/><\/figure>\n<\/figure>\n\n\n\n<figure class=\"wp-block-gallery has-nested-images columns-default is-cropped wp-block-gallery-5 is-layout-flex wp-block-gallery-is-layout-flex\">\n<figure class=\"wp-block-image size-large\"><img loading=\"lazy\" decoding=\"async\" width=\"1024\" height=\"1024\" data-id=\"1643\" src=\"https:\/\/expression-dance.com\/wp-content\/uploads\/2024\/09\/11-1024x1024.jpg\" alt=\"\" class=\"wp-image-1643\" srcset=\"https:\/\/expression-dance.com\/wp-content\/uploads\/2024\/09\/11-1024x1024.jpg 1024w, https:\/\/expression-dance.com\/wp-content\/uploads\/2024\/09\/11-300x300.jpg 300w, https:\/\/expression-dance.com\/wp-content\/uploads\/2024\/09\/11-150x150.jpg 150w, https:\/\/expression-dance.com\/wp-content\/uploads\/2024\/09\/11-768x768.jpg 768w, https:\/\/expression-dance.com\/wp-content\/uploads\/2024\/09\/11-1536x1536.jpg 1536w, https:\/\/expression-dance.com\/wp-content\/uploads\/2024\/09\/11-100x100.jpg 100w, https:\/\/expression-dance.com\/wp-content\/uploads\/2024\/09\/11.jpg 1755w\" sizes=\"auto, (max-width: 706px) 89vw, (max-width: 767px) 82vw, 740px\" \/><\/figure>\n\n\n\n<figure class=\"wp-block-image size-large\"><img loading=\"lazy\" decoding=\"async\" width=\"1024\" height=\"1024\" data-id=\"1634\" src=\"https:\/\/expression-dance.com\/wp-content\/uploads\/2024\/09\/6-1024x1024.jpg\" alt=\"\" class=\"wp-image-1634\" srcset=\"https:\/\/expression-dance.com\/wp-content\/uploads\/2024\/09\/6-1024x1024.jpg 1024w, https:\/\/expression-dance.com\/wp-content\/uploads\/2024\/09\/6-300x300.jpg 300w, https:\/\/expression-dance.com\/wp-content\/uploads\/2024\/09\/6-150x150.jpg 150w, https:\/\/expression-dance.com\/wp-content\/uploads\/2024\/09\/6-768x768.jpg 768w, https:\/\/expression-dance.com\/wp-content\/uploads\/2024\/09\/6-1536x1536.jpg 1536w, https:\/\/expression-dance.com\/wp-content\/uploads\/2024\/09\/6-100x100.jpg 100w, https:\/\/expression-dance.com\/wp-content\/uploads\/2024\/09\/6.jpg 1755w\" sizes=\"auto, (max-width: 706px) 89vw, (max-width: 767px) 82vw, 740px\" \/><\/figure>\n<\/figure>\n\n\n\n<figure class=\"wp-block-gallery has-nested-images columns-default is-cropped wp-block-gallery-6 is-layout-flex wp-block-gallery-is-layout-flex\">\n<figure class=\"wp-block-image size-large\"><img loading=\"lazy\" decoding=\"async\" width=\"1024\" height=\"1024\" data-id=\"1639\" src=\"https:\/\/expression-dance.com\/wp-content\/uploads\/2024\/09\/7-1024x1024.jpg\" alt=\"\" class=\"wp-image-1639\" srcset=\"https:\/\/expression-dance.com\/wp-content\/uploads\/2024\/09\/7-1024x1024.jpg 1024w, https:\/\/expression-dance.com\/wp-content\/uploads\/2024\/09\/7-300x300.jpg 300w, https:\/\/expression-dance.com\/wp-content\/uploads\/2024\/09\/7-150x150.jpg 150w, https:\/\/expression-dance.com\/wp-content\/uploads\/2024\/09\/7-768x768.jpg 768w, https:\/\/expression-dance.com\/wp-content\/uploads\/2024\/09\/7-1536x1536.jpg 1536w, https:\/\/expression-dance.com\/wp-content\/uploads\/2024\/09\/7-100x100.jpg 100w, https:\/\/expression-dance.com\/wp-content\/uploads\/2024\/09\/7.jpg 1755w\" sizes=\"auto, (max-width: 706px) 89vw, (max-width: 767px) 82vw, 740px\" \/><\/figure>\n\n\n\n<figure class=\"wp-block-image size-large\"><img loading=\"lazy\" decoding=\"async\" width=\"1024\" height=\"1024\" data-id=\"1637\" src=\"https:\/\/expression-dance.com\/wp-content\/uploads\/2024\/09\/12-1024x1024.jpg\" alt=\"\" class=\"wp-image-1637\" srcset=\"https:\/\/expression-dance.com\/wp-content\/uploads\/2024\/09\/12-1024x1024.jpg 1024w, https:\/\/expression-dance.com\/wp-content\/uploads\/2024\/09\/12-300x300.jpg 300w, https:\/\/expression-dance.com\/wp-content\/uploads\/2024\/09\/12-150x150.jpg 150w, https:\/\/expression-dance.com\/wp-content\/uploads\/2024\/09\/12-768x768.jpg 768w, https:\/\/expression-dance.com\/wp-content\/uploads\/2024\/09\/12-1536x1536.jpg 1536w, https:\/\/expression-dance.com\/wp-content\/uploads\/2024\/09\/12-100x100.jpg 100w, https:\/\/expression-dance.com\/wp-content\/uploads\/2024\/09\/12.jpg 1755w\" sizes=\"auto, (max-width: 706px) 89vw, (max-width: 767px) 82vw, 740px\" \/><\/figure>\n<\/figure>\n\n\n\n<figure class=\"wp-block-gallery has-nested-images columns-default is-cropped wp-block-gallery-7 is-layout-flex wp-block-gallery-is-layout-flex\">\n<figure class=\"wp-block-image size-large\"><img loading=\"lazy\" decoding=\"async\" width=\"1024\" height=\"1024\" data-id=\"1655\" src=\"https:\/\/expression-dance.com\/wp-content\/uploads\/2024\/09\/Dance-Coaches-Steckbrief-1024x1024.jpg\" alt=\"\" class=\"wp-image-1655\" srcset=\"https:\/\/expression-dance.com\/wp-content\/uploads\/2024\/09\/Dance-Coaches-Steckbrief-1024x1024.jpg 1024w, https:\/\/expression-dance.com\/wp-content\/uploads\/2024\/09\/Dance-Coaches-Steckbrief-300x300.jpg 300w, https:\/\/expression-dance.com\/wp-content\/uploads\/2024\/09\/Dance-Coaches-Steckbrief-150x150.jpg 150w, https:\/\/expression-dance.com\/wp-content\/uploads\/2024\/09\/Dance-Coaches-Steckbrief-768x768.jpg 768w, https:\/\/expression-dance.com\/wp-content\/uploads\/2024\/09\/Dance-Coaches-Steckbrief-1536x1536.jpg 1536w, https:\/\/expression-dance.com\/wp-content\/uploads\/2024\/09\/Dance-Coaches-Steckbrief-2048x2048.jpg 2048w, https:\/\/expression-dance.com\/wp-content\/uploads\/2024\/09\/Dance-Coaches-Steckbrief-100x100.jpg 100w\" sizes=\"auto, (max-width: 706px) 89vw, (max-width: 767px) 82vw, 740px\" \/><\/figure>\n\n\n\n<figure class=\"wp-block-image size-large\"><img loading=\"lazy\" decoding=\"async\" width=\"1024\" height=\"1024\" data-id=\"1644\" src=\"https:\/\/expression-dance.com\/wp-content\/uploads\/2024\/09\/9-1024x1024.jpg\" alt=\"\" class=\"wp-image-1644\" srcset=\"https:\/\/expression-dance.com\/wp-content\/uploads\/2024\/09\/9-1024x1024.jpg 1024w, https:\/\/expression-dance.com\/wp-content\/uploads\/2024\/09\/9-300x300.jpg 300w, https:\/\/expression-dance.com\/wp-content\/uploads\/2024\/09\/9-150x150.jpg 150w, https:\/\/expression-dance.com\/wp-content\/uploads\/2024\/09\/9-768x768.jpg 768w, https:\/\/expression-dance.com\/wp-content\/uploads\/2024\/09\/9-1536x1536.jpg 1536w, https:\/\/expression-dance.com\/wp-content\/uploads\/2024\/09\/9-100x100.jpg 100w, https:\/\/expression-dance.com\/wp-content\/uploads\/2024\/09\/9.jpg 1755w\" sizes=\"auto, (max-width: 706px) 89vw, (max-width: 767px) 82vw, 740px\" \/><\/figure>\n<\/figure>\n","protected":false},"excerpt":{"rendered":"<p>Karin Lacher, Leitung Expression Dance Academy DANCE COACHES TEAM:<\/p>\n","protected":false},"author":1,"featured_media":0,"parent":0,"menu_order":0,"comment_status":"closed","ping_status":"closed","template":"","meta":{"footnotes":""},"class_list":["post-12","page","type-page","status-publish","hentry"],"_links":{"self":[{"href":"https:\/\/expression-dance.com\/index.php?rest_route=\/wp\/v2\/pages\/12","targetHints":{"allow":["GET"]}}],"collection":[{"href":"https:\/\/expression-dance.com\/index.php?rest_route=\/wp\/v2\/pages"}],"about":[{"href":"https:\/\/expression-dance.com\/index.php?rest_route=\/wp\/v2\/types\/page"}],"author":[{"embeddable":true,"href":"https:\/\/expression-dance.com\/index.php?rest_route=\/wp\/v2\/users\/1"}],"replies":[{"embeddable":true,"href":"https:\/\/expression-dance.com\/index.php?rest_route=%2Fwp%2Fv2%2Fcomments&post=12"}],"version-history":[{"count":68,"href":"https:\/\/expression-dance.com\/index.php?rest_route=\/wp\/v2\/pages\/12\/revisions"}],"predecessor-version":[{"id":2029,"href":"https:\/\/expression-dance.com\/index.php?rest_route=\/wp\/v2\/pages\/12\/revisions\/2029"}],"wp:attachment":[{"href":"https:\/\/expression-dance.com\/index.php?rest_route=%2Fwp%2Fv2%2Fmedia&parent=12"}],"curies":[{"name":"wp","href":"https:\/\/api.w.org\/{rel}","templated":true}]}}